{"id":151,"date":"2025-05-05T11:22:09","date_gmt":"2025-05-05T09:22:09","guid":{"rendered":"https:\/\/www.xefi.fr\/?page_id=151"},"modified":"2025-10-07T18:37:10","modified_gmt":"2025-10-07T16:37:10","slug":"nos-partenaires-certifications-it","status":"publish","type":"page","link":"https:\/\/www.xefi.be\/fr\/decouvrir-xefi\/a-propos-de-nous\/nos-partenaires-certifications-it\/","title":{"rendered":"Nos partenaires &amp; certifications"},"content":{"rendered":"\n<div class=\"wp-block-group alignfull is-layout-constrained wp-container-core-group-is-layout-e283d89d wp-block-group-is-layout-constrained\" style=\"margin-bottom:var(--wp--preset--spacing--70);padding-top:var(--wp--preset--spacing--80);padding-right:var(--wp--preset--spacing--50);padding-bottom:var(--wp--preset--spacing--80);padding-left:var(--wp--preset--spacing--50)\">\n<h2 class=\"wp-block-heading has-text-align-center\" style=\"margin-bottom:var(--wp--preset--spacing--50)\">DES PARTENARIATS DE HAUT NIVEAU POUR VOUS <mark class=\"has-inline-color has-primary-color\">ASSURER UN SERVICE D&rsquo;EXCELLENCE<\/mark>&nbsp;<\/h2>\n\n\n\n<p class=\"has-text-align-center\">Chez XEFI, la performance et la s\u00e9curit\u00e9 de vos infrastructures informatiques reposent sur des fondations solides.<br>Nos certifications techniques et nos partenariats avec les leaders mondiaux du secteur t\u00e9moignent de notre exigence de qualit\u00e9.<\/p>\n\n\n\n<p class=\"has-text-align-center\" style=\"margin-bottom:0\"><strong>Ces reconnaissances officielles nous permettent de vous proposer des solutions fiables, \u00e9volutives et toujours \u00e0 la pointe de l\u2019innovation.<\/strong><\/p>\n<\/div>\n\n\n\n<div class=\"wp-block-group alignfull has-grey-2-background-color has-background is-layout-constrained wp-container-core-group-is-layout-19e250f3 wp-block-group-is-layout-constrained\">\n<div style=\"height:60px\" aria-hidden=\"true\" class=\"wp-block-spacer\"><\/div>\n\n\n\n<div class=\"wp-block-group cut-border has-background-background-color has-background is-layout-constrained wp-container-core-group-is-layout-01050bb4 wp-block-group-is-layout-constrained\" style=\"margin-top:0;margin-bottom:var(--wp--preset--spacing--70);padding-right:0;padding-left:0\">\n<div class=\"wp-block-columns is-layout-flex wp-container-core-columns-is-layout-e2f33555 wp-block-columns-is-layout-flex\" style=\"padding-top:var(--wp--preset--spacing--70);padding-right:var(--wp--preset--spacing--70);padding-bottom:var(--wp--preset--spacing--70);padding-left:var(--wp--preset--spacing--70)\">\n<div class=\"wp-block-column is-layout-flow wp-block-column-is-layout-flow\">\n<figure class=\"wp-block-image size-full cut-border\" style=\"margin-top:0\"><img loading=\"lazy\" decoding=\"async\" width=\"2560\" height=\"1707\" src=\"https:\/\/www.xefi.fr\/wp-content\/uploads\/sites\/2\/2025\/07\/hpi-xefi-partenaire-informatique-tpe-pme-scaled.jpg\" alt=\"\" class=\"wp-image-10328\" style=\"aspect-ratio:4\/3;object-fit:cover\" srcset=\"https:\/\/www.xefi.be\/wp-content\/uploads\/sites\/10\/2025\/07\/hpi-xefi-partenaire-informatique-tpe-pme-scaled.jpg 2560w, https:\/\/www.xefi.be\/wp-content\/uploads\/sites\/10\/2025\/07\/hpi-xefi-partenaire-informatique-tpe-pme-300x200.jpg 300w, https:\/\/www.xefi.be\/wp-content\/uploads\/sites\/10\/2025\/07\/hpi-xefi-partenaire-informatique-tpe-pme-1024x683.jpg 1024w, https:\/\/www.xefi.be\/wp-content\/uploads\/sites\/10\/2025\/07\/hpi-xefi-partenaire-informatique-tpe-pme-768x512.jpg 768w, https:\/\/www.xefi.be\/wp-content\/uploads\/sites\/10\/2025\/07\/hpi-xefi-partenaire-informatique-tpe-pme-1536x1024.jpg 1536w, https:\/\/www.xefi.be\/wp-content\/uploads\/sites\/10\/2025\/07\/hpi-xefi-partenaire-informatique-tpe-pme-2048x1365.jpg 2048w\" sizes=\"auto, (max-width: 2560px) 100vw, 2560px\" \/><\/figure>\n<\/div>\n\n\n\n<div class=\"wp-block-column is-layout-flow wp-block-column-is-layout-flow\" style=\"padding-right:0;padding-left:0\">\n<figure class=\"wp-block-image size-full is-resized\" style=\"margin-top:0;margin-bottom:var(--wp--preset--spacing--60)\"><img loading=\"lazy\" decoding=\"async\" width=\"50\" height=\"50\" src=\"https:\/\/www.xefi.fr\/wp-content\/uploads\/sites\/2\/2025\/05\/HP_logo_2025.svg-e1751965539763.png\" alt=\"\" class=\"wp-image-9534\" style=\"width:50px;height:auto\"\/><\/figure>\n\n\n\n<h3 class=\"wp-block-heading\"><strong>HP AMPLIFY POWER<\/strong><\/h3>\n\n\n\n<p>XEFI d\u00e9tient aujourd\u2019hui le statut HP Amplify Power.<\/p>\n\n\n\n<p>Ce statut correspond au plus haut niveau de certification chez HP Inc. et permet d&rsquo;octroyer aux clients XEFI les meilleurs tarifs sur tous les produits de la marque (PC, portables, imprimantes, copieurs), le meilleur support commercial et technique, ainsi qu&rsquo;un acc\u00e8s privil\u00e9gi\u00e9 aux pi\u00e8ces d\u00e9tach\u00e9es.<\/p>\n\n\n\n<p>Gr\u00e2ce \u00e0 cette relation privil\u00e9gi\u00e9e entre XEFI et le constructeur, tous nos clients b\u00e9n\u00e9ficient imm\u00e9diatement et directement de tous ces avantages.<\/p>\n<\/div>\n<\/div>\n<\/div>\n\n\n\n<div class=\"wp-block-group cut-border has-background-background-color has-background is-layout-constrained wp-container-core-group-is-layout-e04e6721 wp-block-group-is-layout-constrained\" style=\"margin-bottom:var(--wp--preset--spacing--70);padding-right:0;padding-left:0\">\n<div class=\"wp-block-columns is-layout-flex wp-container-core-columns-is-layout-e2f33555 wp-block-columns-is-layout-flex\" style=\"padding-top:var(--wp--preset--spacing--70);padding-right:var(--wp--preset--spacing--70);padding-bottom:var(--wp--preset--spacing--70);padding-left:var(--wp--preset--spacing--70)\">\n<div class=\"wp-block-column is-layout-flow wp-block-column-is-layout-flow\" style=\"padding-right:0;padding-left:0\">\n<figure class=\"wp-block-image size-full is-resized\" style=\"margin-top:0;margin-bottom:var(--wp--preset--spacing--60)\"><img decoding=\"async\" src=\"https:\/\/www.xefi.fr\/wp-content\/uploads\/sites\/2\/2025\/07\/Hewlett_Packard_Enterprise_logo_2025.svg-1-1-scaled.png\" alt=\"\" class=\"wp-image-10675\" style=\"width:auto;height:30px\"\/><\/figure>\n\n\n\n<h3 class=\"wp-block-heading\"><strong>HEWLETT PACKARD ENTERPRISE<\/strong><\/h3>\n\n\n\n<p>XEFI est partenaire exclusif chez Hewlett Packard Enterprise. XEFI est r\u00e9guli\u00e8rement reconnu \u00ab&nbsp;Partenaire de l\u2019ann\u00e9e&nbsp;\u00bb par Hewlett Packard Enterprise au niveau europ\u00e9en ! <\/p>\n\n\n\n<p>Ce niveau d\u2019accompagnement octroie aux clients XEFI les meilleurs tarifs chez Hewlett Packard Enterprise sur tous les produits, Serveurs, Stockage et R\u00e9seaux du constructeur.<\/p>\n<\/div>\n\n\n\n<div class=\"wp-block-column is-layout-flow wp-block-column-is-layout-flow\">\n<figure class=\"wp-block-image size-full cut-border\"><img loading=\"lazy\" decoding=\"async\" width=\"2560\" height=\"1440\" src=\"https:\/\/www.xefi.fr\/wp-content\/uploads\/sites\/2\/2025\/07\/hewlett-packard-entreprise-hpe-xefi-partenaire-informatique-tpe-pme-scaled.jpg\" alt=\"\" class=\"wp-image-10331\" style=\"aspect-ratio:4\/3;object-fit:cover\" srcset=\"https:\/\/www.xefi.be\/wp-content\/uploads\/sites\/10\/2025\/07\/hewlett-packard-entreprise-hpe-xefi-partenaire-informatique-tpe-pme-scaled.jpg 2560w, https:\/\/www.xefi.be\/wp-content\/uploads\/sites\/10\/2025\/07\/hewlett-packard-entreprise-hpe-xefi-partenaire-informatique-tpe-pme-300x169.jpg 300w, https:\/\/www.xefi.be\/wp-content\/uploads\/sites\/10\/2025\/07\/hewlett-packard-entreprise-hpe-xefi-partenaire-informatique-tpe-pme-1024x576.jpg 1024w, https:\/\/www.xefi.be\/wp-content\/uploads\/sites\/10\/2025\/07\/hewlett-packard-entreprise-hpe-xefi-partenaire-informatique-tpe-pme-768x432.jpg 768w, https:\/\/www.xefi.be\/wp-content\/uploads\/sites\/10\/2025\/07\/hewlett-packard-entreprise-hpe-xefi-partenaire-informatique-tpe-pme-1536x864.jpg 1536w, https:\/\/www.xefi.be\/wp-content\/uploads\/sites\/10\/2025\/07\/hewlett-packard-entreprise-hpe-xefi-partenaire-informatique-tpe-pme-2048x1152.jpg 2048w\" sizes=\"auto, (max-width: 2560px) 100vw, 2560px\" \/><\/figure>\n<\/div>\n<\/div>\n<\/div>\n\n\n\n<div class=\"wp-block-group cut-border has-background-background-color has-background is-layout-constrained wp-container-core-group-is-layout-e04e6721 wp-block-group-is-layout-constrained\" style=\"margin-bottom:var(--wp--preset--spacing--70);padding-right:0;padding-left:0\">\n<div class=\"wp-block-columns is-layout-flex wp-container-core-columns-is-layout-e2f33555 wp-block-columns-is-layout-flex\" style=\"padding-top:var(--wp--preset--spacing--70);padding-right:var(--wp--preset--spacing--70);padding-bottom:var(--wp--preset--spacing--70);padding-left:var(--wp--preset--spacing--70)\">\n<div class=\"wp-block-column is-layout-flow wp-block-column-is-layout-flow\">\n<figure class=\"wp-block-image size-full cut-border\"><img loading=\"lazy\" decoding=\"async\" width=\"2560\" height=\"1440\" src=\"https:\/\/www.xefi.fr\/wp-content\/uploads\/sites\/2\/2025\/07\/hpe-aruba-entreprise-hpe-xefi-partenaire-informatique-tpe-pme-scaled.jpg\" alt=\"\" class=\"wp-image-10333\" style=\"aspect-ratio:4\/3;object-fit:cover\" srcset=\"https:\/\/www.xefi.be\/wp-content\/uploads\/sites\/10\/2025\/07\/hpe-aruba-entreprise-hpe-xefi-partenaire-informatique-tpe-pme-scaled.jpg 2560w, https:\/\/www.xefi.be\/wp-content\/uploads\/sites\/10\/2025\/07\/hpe-aruba-entreprise-hpe-xefi-partenaire-informatique-tpe-pme-300x169.jpg 300w, https:\/\/www.xefi.be\/wp-content\/uploads\/sites\/10\/2025\/07\/hpe-aruba-entreprise-hpe-xefi-partenaire-informatique-tpe-pme-1024x576.jpg 1024w, https:\/\/www.xefi.be\/wp-content\/uploads\/sites\/10\/2025\/07\/hpe-aruba-entreprise-hpe-xefi-partenaire-informatique-tpe-pme-768x432.jpg 768w, https:\/\/www.xefi.be\/wp-content\/uploads\/sites\/10\/2025\/07\/hpe-aruba-entreprise-hpe-xefi-partenaire-informatique-tpe-pme-1536x864.jpg 1536w, https:\/\/www.xefi.be\/wp-content\/uploads\/sites\/10\/2025\/07\/hpe-aruba-entreprise-hpe-xefi-partenaire-informatique-tpe-pme-2048x1152.jpg 2048w\" sizes=\"auto, (max-width: 2560px) 100vw, 2560px\" \/><\/figure>\n<\/div>\n\n\n\n<div class=\"wp-block-column is-layout-flow wp-block-column-is-layout-flow\" style=\"padding-right:0;padding-left:0\">\n<figure class=\"wp-block-image size-full is-resized\" style=\"margin-top:0;margin-bottom:var(--wp--preset--spacing--60)\"><img loading=\"lazy\" decoding=\"async\" width=\"198\" height=\"45\" src=\"https:\/\/www.xefi.fr\/wp-content\/uploads\/sites\/2\/2025\/07\/Group.png\" alt=\"\" class=\"wp-image-9857\" style=\"width:auto;height:30px\"\/><\/figure>\n\n\n\n<h3 class=\"wp-block-heading\"><strong>ARUBA<\/strong><\/h3>\n\n\n\n<p>Aruba, division r\u00e9seau de Hewlett Packard Enterprise, est sp\u00e9cialis\u00e9e dans les solutions Wi-Fi, switch, s\u00e9curit\u00e9 et gestion centralis\u00e9e pour les infrastructures informatiques.<\/p>\n\n\n\n<p>Aruba est le partenaire Solutions R\u00e9seaux et Wi-Fi de XEFI.<\/p>\n\n\n\n<p>En 2021, XEFI a re\u00e7u le prix du meilleur partenaire MSP (Managed Service Provider) de l\u2019ann\u00e9e pour la zone EMEA (Europe Middle East &amp; Africa).<\/p>\n<\/div>\n<\/div>\n<\/div>\n\n\n\n<div class=\"wp-block-group cut-border has-background-background-color has-background is-layout-constrained wp-container-core-group-is-layout-e04e6721 wp-block-group-is-layout-constrained\" style=\"margin-bottom:var(--wp--preset--spacing--70);padding-right:0;padding-left:0\">\n<div class=\"wp-block-columns is-layout-flex wp-container-core-columns-is-layout-e2f33555 wp-block-columns-is-layout-flex\" style=\"padding-top:var(--wp--preset--spacing--70);padding-right:var(--wp--preset--spacing--70);padding-bottom:var(--wp--preset--spacing--70);padding-left:var(--wp--preset--spacing--70)\">\n<div class=\"wp-block-column is-layout-flow wp-block-column-is-layout-flow\" style=\"padding-right:0;padding-left:0\">\n<figure class=\"wp-block-image size-full is-resized\" style=\"margin-top:0;margin-bottom:var(--wp--preset--spacing--60)\"><img loading=\"lazy\" decoding=\"async\" width=\"167\" height=\"37\" src=\"https:\/\/www.xefi.fr\/wp-content\/uploads\/sites\/2\/2025\/07\/Group-1321314570.png\" alt=\"\" class=\"wp-image-9859\" style=\"width:auto;height:30px\"\/><\/figure>\n\n\n\n<h3 class=\"wp-block-heading\"><strong>MICROSOFT<\/strong><\/h3>\n\n\n\n<p>XEFI est l\u2019un des principaux partenaires MICROSOFT sur le march\u00e9 des TPE\/PME.<\/p>\n<\/div>\n\n\n\n<div class=\"wp-block-column is-layout-flow wp-block-column-is-layout-flow\">\n<figure class=\"wp-block-image size-full cut-border\"><img loading=\"lazy\" decoding=\"async\" width=\"1366\" height=\"890\" src=\"https:\/\/www.xefi.fr\/wp-content\/uploads\/sites\/2\/2025\/07\/microsoft-entreprise-hpe-xefi-partenaire-informatique-tpe-pme.jpg\" alt=\"\" class=\"wp-image-10335\" style=\"aspect-ratio:4\/3;object-fit:cover\" srcset=\"https:\/\/www.xefi.be\/wp-content\/uploads\/sites\/10\/2025\/07\/microsoft-entreprise-hpe-xefi-partenaire-informatique-tpe-pme.jpg 1366w, https:\/\/www.xefi.be\/wp-content\/uploads\/sites\/10\/2025\/07\/microsoft-entreprise-hpe-xefi-partenaire-informatique-tpe-pme-300x195.jpg 300w, https:\/\/www.xefi.be\/wp-content\/uploads\/sites\/10\/2025\/07\/microsoft-entreprise-hpe-xefi-partenaire-informatique-tpe-pme-1024x667.jpg 1024w, https:\/\/www.xefi.be\/wp-content\/uploads\/sites\/10\/2025\/07\/microsoft-entreprise-hpe-xefi-partenaire-informatique-tpe-pme-768x500.jpg 768w\" sizes=\"auto, (max-width: 1366px) 100vw, 1366px\" \/><\/figure>\n<\/div>\n<\/div>\n<\/div>\n\n\n\n<div class=\"wp-block-group cut-border has-background-background-color has-background is-layout-constrained wp-container-core-group-is-layout-e04e6721 wp-block-group-is-layout-constrained\" style=\"margin-bottom:var(--wp--preset--spacing--70);padding-right:0;padding-left:0\">\n<div class=\"wp-block-columns is-layout-flex wp-container-core-columns-is-layout-e2f33555 wp-block-columns-is-layout-flex\" style=\"padding-top:var(--wp--preset--spacing--70);padding-right:var(--wp--preset--spacing--70);padding-bottom:var(--wp--preset--spacing--70);padding-left:var(--wp--preset--spacing--70)\">\n<div class=\"wp-block-column is-layout-flow wp-block-column-is-layout-flow\">\n<figure class=\"wp-block-image size-full cut-border\"><img loading=\"lazy\" decoding=\"async\" width=\"1216\" height=\"800\" src=\"https:\/\/www.xefi.fr\/wp-content\/uploads\/sites\/2\/2025\/07\/sophos-xefi-partenaire-informatique-des-tpe-et-pme.png\" alt=\"\" class=\"wp-image-10339\" style=\"aspect-ratio:4\/3;object-fit:cover\" srcset=\"https:\/\/www.xefi.be\/wp-content\/uploads\/sites\/10\/2025\/07\/sophos-xefi-partenaire-informatique-des-tpe-et-pme.png 1216w, https:\/\/www.xefi.be\/wp-content\/uploads\/sites\/10\/2025\/07\/sophos-xefi-partenaire-informatique-des-tpe-et-pme-300x197.png 300w, https:\/\/www.xefi.be\/wp-content\/uploads\/sites\/10\/2025\/07\/sophos-xefi-partenaire-informatique-des-tpe-et-pme-1024x674.png 1024w, https:\/\/www.xefi.be\/wp-content\/uploads\/sites\/10\/2025\/07\/sophos-xefi-partenaire-informatique-des-tpe-et-pme-768x505.png 768w\" sizes=\"auto, (max-width: 1216px) 100vw, 1216px\" \/><\/figure>\n<\/div>\n\n\n\n<div class=\"wp-block-column is-layout-flow wp-block-column-is-layout-flow\" style=\"padding-right:0;padding-left:0\">\n<figure class=\"wp-block-image size-full is-resized\" style=\"margin-top:0;margin-bottom:var(--wp--preset--spacing--60)\"><img loading=\"lazy\" decoding=\"async\" width=\"601\" height=\"66\" src=\"https:\/\/www.xefi.fr\/wp-content\/uploads\/sites\/2\/2025\/05\/sophos-xefi-partenaire-informatique-tpe-et-pme.png\" alt=\"\" class=\"wp-image-11956\" style=\"width:182px;height:auto\" srcset=\"https:\/\/www.xefi.be\/wp-content\/uploads\/sites\/10\/2025\/05\/sophos-xefi-partenaire-informatique-tpe-et-pme.png 601w, https:\/\/www.xefi.be\/wp-content\/uploads\/sites\/10\/2025\/05\/sophos-xefi-partenaire-informatique-tpe-et-pme-300x33.png 300w\" sizes=\"auto, (max-width: 601px) 100vw, 601px\" \/><\/figure>\n\n\n\n<h3 class=\"wp-block-heading\"><strong>SOPHOS<\/strong><\/h3>\n\n\n\n<p>XEFI a fait le choix de SOPHOS comme partenaire sur ses solutions de s\u00e9curit\u00e9 depuis de nombreuses ann\u00e9es.<\/p>\n\n\n\n<p>XEFI a r\u00e9guli\u00e8rement re\u00e7u le troph\u00e9e de meilleur partenaire de l\u2019ann\u00e9e, au niveau europ\u00e9en.<\/p>\n<\/div>\n<\/div>\n<\/div>\n\n\n\n<div class=\"wp-block-group cut-border has-background-background-color has-background is-layout-constrained wp-container-core-group-is-layout-09eead76 wp-block-group-is-layout-constrained\" style=\"margin-bottom:0;padding-right:0;padding-left:0\">\n<div class=\"wp-block-columns is-layout-flex wp-container-core-columns-is-layout-e2f33555 wp-block-columns-is-layout-flex\" style=\"padding-top:var(--wp--preset--spacing--70);padding-right:var(--wp--preset--spacing--70);padding-bottom:var(--wp--preset--spacing--70);padding-left:var(--wp--preset--spacing--70)\">\n<div class=\"wp-block-column is-layout-flow wp-block-column-is-layout-flow\" style=\"padding-right:0;padding-left:0\">\n<figure class=\"wp-block-image size-full is-resized\" style=\"margin-top:0;margin-bottom:var(--wp--preset--spacing--60)\"><img loading=\"lazy\" decoding=\"async\" width=\"111\" height=\"49\" src=\"https:\/\/www.xefi.fr\/wp-content\/uploads\/sites\/2\/2025\/07\/poly-1.png\" alt=\"\" class=\"wp-image-9855\" style=\"width:auto;height:40px\"\/><\/figure>\n\n\n\n<h3 class=\"wp-block-heading\"><strong>HP POLY<\/strong><\/h3>\n\n\n\n<p>Filiale de HP INC depuis 2022, POLY con\u00e7oit des solutions audio et vid\u00e9o pour la collaboration professionnelle. <\/p>\n\n\n\n<p>Gr\u00e2ce \u00e0 ce partenariat, XEFI propose une large gamme d\u2019\u00e9quipements (micro-casques, visioconf\u00e9rence, t\u00e9l\u00e9phones) et un accompagnement commercial et technique de haut niveau pour tous les environnements de travail hybrides.<\/p>\n<\/div>\n\n\n\n<div class=\"wp-block-column is-layout-flow wp-block-column-is-layout-flow\">\n<figure class=\"wp-block-image size-full cut-border\" style=\"margin-top:0\"><img loading=\"lazy\" decoding=\"async\" width=\"2560\" height=\"1707\" src=\"https:\/\/www.xefi.fr\/wp-content\/uploads\/sites\/2\/2025\/07\/poly-xefi-partenaire-informatique-tpe-pme-scaled.jpg\" alt=\"\" class=\"wp-image-10341\" style=\"aspect-ratio:4\/3;object-fit:cover\" srcset=\"https:\/\/www.xefi.be\/wp-content\/uploads\/sites\/10\/2025\/07\/poly-xefi-partenaire-informatique-tpe-pme-scaled.jpg 2560w, https:\/\/www.xefi.be\/wp-content\/uploads\/sites\/10\/2025\/07\/poly-xefi-partenaire-informatique-tpe-pme-300x200.jpg 300w, https:\/\/www.xefi.be\/wp-content\/uploads\/sites\/10\/2025\/07\/poly-xefi-partenaire-informatique-tpe-pme-1024x683.jpg 1024w, https:\/\/www.xefi.be\/wp-content\/uploads\/sites\/10\/2025\/07\/poly-xefi-partenaire-informatique-tpe-pme-768x512.jpg 768w, https:\/\/www.xefi.be\/wp-content\/uploads\/sites\/10\/2025\/07\/poly-xefi-partenaire-informatique-tpe-pme-1536x1024.jpg 1536w, https:\/\/www.xefi.be\/wp-content\/uploads\/sites\/10\/2025\/07\/poly-xefi-partenaire-informatique-tpe-pme-2048x1365.jpg 2048w\" sizes=\"auto, (max-width: 2560px) 100vw, 2560px\" \/><\/figure>\n<\/div>\n<\/div>\n<\/div>\n\n\n\n<div style=\"height:60px\" aria-hidden=\"true\" class=\"wp-block-spacer\"><\/div>\n<\/div>\n\n\n\n<div class=\"wp-block-group alignfull is-layout-constrained wp-container-core-group-is-layout-11c1ca01 wp-block-group-is-layout-constrained has-background\" style=\"padding-right:var(--wp--preset--spacing--50);padding-left:var(--wp--preset--spacing--50);background-image:url(&#039;https:\/\/www.xefi.fr\/wp-content\/uploads\/sites\/2\/2025\/06\/image_certifications_bandeau_contact-scaled.jpg&#039;);background-position:50% 50%;background-size:cover;background-attachment:scroll;\">\n<div class=\"wp-block-columns is-layout-flex wp-container-core-columns-is-layout-28f84493 wp-block-columns-is-layout-flex\">\n<div class=\"wp-block-column is-layout-flow wp-block-column-is-layout-flow\" style=\"padding-top:var(--wp--preset--spacing--50);padding-bottom:var(--wp--preset--spacing--50);flex-basis:33.33%\">\n<h3 class=\"wp-block-heading has-background-color has-text-color has-link-color wp-elements-3e79163b0503e1d21f5c2e00f41fcbf0\">VOUS SOUHAITEZ EN SAVOIR PLUS SUR NOS CERTIFICATIONS ?<\/h3>\n\n\n\n<div class=\"wp-block-buttons is-layout-flex wp-block-buttons-is-layout-flex\">\n<div class=\"wp-block-button\"><a class=\"wp-block-button__link has-background-background-color has-background wp-element-button\" href=\"https:\/\/www.xefi.be\/fr\/decouvrir-xefi\/a-propos-de-nous\/contacter-le-groupe\/\">Prenez contact avec nous<\/a><\/div>\n<\/div>\n<\/div>\n\n\n\n<div class=\"wp-block-column is-layout-flow wp-block-column-is-layout-flow\" style=\"flex-basis:66.66%\"><\/div>\n<\/div>\n<\/div>\n\n\n\n<div class=\"wp-block-group alignfull has-light-background-color has-background is-layout-constrained wp-container-core-group-is-layout-a47e864c wp-block-group-is-layout-constrained\" style=\"padding-top:var(--wp--preset--spacing--80);padding-right:var(--wp--preset--spacing--50);padding-bottom:var(--wp--preset--spacing--80);padding-left:var(--wp--preset--spacing--50)\">\n<h2 class=\"wp-block-heading has-text-align-center\" style=\"margin-bottom:var(--wp--preset--spacing--80)\">Pourquoi choisir <mark class=\"has-inline-color has-primary-color\">XEFI ?<\/mark><\/h2>\n\n\n\n<div class=\"wp-block-columns is-layout-flex wp-container-core-columns-is-layout-f5a44f5b wp-block-columns-is-layout-flex\">\n<div class=\"wp-block-column is-vertically-aligned-top is-layout-flow wp-block-column-is-layout-flow\">\n<figure class=\"wp-block-image aligncenter size-full\" style=\"margin-bottom:var(--wp--preset--spacing--50)\"><img decoding=\"async\" src=\"https:\/\/www.xefi.fr\/wp-content\/uploads\/sites\/2\/2025\/05\/icon_proximite.svg\" alt=\"\" class=\"wp-image-675\"\/><\/figure>\n\n\n\n<p class=\"has-text-align-center has-custom-medium-font-size\"><strong>Proximit\u00e9<\/strong><\/p>\n\n\n\n<p class=\"has-text-align-center\"><mark class=\"has-inline-color has-foreground-color\">11<\/mark> agences en Belgique&nbsp;: des guichets uniques&nbsp;situ\u00e9s \u00e0 moins de 30 minutes de nos clients.<\/p>\n<\/div>\n\n\n\n<div class=\"wp-block-column is-layout-flow wp-block-column-is-layout-flow\">\n<figure class=\"wp-block-image aligncenter size-full\" style=\"margin-bottom:var(--wp--preset--spacing--50)\"><img decoding=\"async\" src=\"https:\/\/www.xefi.fr\/wp-content\/uploads\/sites\/2\/2025\/05\/icon_expertise.svg\" alt=\"\" class=\"wp-image-669\"\/><\/figure>\n\n\n\n<p class=\"has-text-align-center has-custom-medium-font-size\"><strong>Expertise<\/strong><\/p>\n\n\n\n<p class=\"has-text-align-center\">Une \u00e9quipe d\u2019experts et des services et solutions informatiques d\u00e9di\u00e9s aux TPE\/PME.<\/p>\n<\/div>\n\n\n\n<div class=\"wp-block-column is-layout-flow wp-block-column-is-layout-flow\">\n<figure class=\"wp-block-image aligncenter size-full\" style=\"margin-bottom:var(--wp--preset--spacing--50)\"><img decoding=\"async\" src=\"https:\/\/www.xefi.fr\/wp-content\/uploads\/sites\/2\/2025\/05\/icon_transparence.svg\" alt=\"\" class=\"wp-image-681\"\/><\/figure>\n\n\n\n<p class=\"has-text-align-center has-custom-medium-font-size\"><strong>Transparence<\/strong><\/p>\n\n\n\n<p class=\"has-text-align-center\">Des solutions \u00ab cl\u00e9s en mains \u00bb et sans co\u00fbts cach\u00e9s pour une transparence totale envers nos clients.<\/p>\n<\/div>\n\n\n\n<div class=\"wp-block-column is-layout-flow wp-block-column-is-layout-flow\">\n<figure class=\"wp-block-image aligncenter size-full\" style=\"margin-bottom:var(--wp--preset--spacing--50)\"><img decoding=\"async\" src=\"https:\/\/www.xefi.fr\/wp-content\/uploads\/sites\/2\/2025\/05\/icon_serenite.svg\" alt=\"\" class=\"wp-image-679\"\/><\/figure>\n\n\n\n<p class=\"has-text-align-center has-custom-medium-font-size\"><strong>S\u00e9r\u00e9nit\u00e9<\/strong><\/p>\n\n\n\n<p class=\"has-text-align-center\">Un partenaire de confiance qui pilote votre syst\u00e8me informatique et assure la bonne marche de votre entreprise.<\/p>\n<\/div>\n<\/div>\n<\/div>\n","protected":false},"excerpt":{"rendered":"<p>DES PARTENARIATS DE HAUT NIVEAU POUR VOUS ASSURER UN SERVICE D&rsquo;EXCELLENCE&nbsp; Chez XEFI, la performance et la s\u00e9curit\u00e9 de vos infrastructures informatiques reposent sur des fondations solides.Nos certifications techniques et nos partenariats avec les leaders mondiaux du secteur t\u00e9moignent de notre exigence de qualit\u00e9. Ces reconnaissances officielles nous permettent de vous proposer des solutions fiables, [&hellip;]<\/p>\n","protected":false},"author":1,"featured_media":10326,"parent":145,"menu_order":148,"comment_status":"closed","ping_status":"closed","template":"","meta":{"_acf_changed":false,"footnotes":""},"class_list":["post-151","page","type-page","status-publish","has-post-thumbnail","hentry","page_location-menu-mobile","page_location-menu-secondaire"],"acf":[],"_links":{"self":[{"href":"https:\/\/www.xefi.be\/fr\/wp-json\/wp\/v2\/pages\/151","targetHints":{"allow":["GET"]}}],"collection":[{"href":"https:\/\/www.xefi.be\/fr\/wp-json\/wp\/v2\/pages"}],"about":[{"href":"https:\/\/www.xefi.be\/fr\/wp-json\/wp\/v2\/types\/page"}],"author":[{"embeddable":true,"href":"https:\/\/www.xefi.be\/fr\/wp-json\/wp\/v2\/users\/1"}],"replies":[{"embeddable":true,"href":"https:\/\/www.xefi.be\/fr\/wp-json\/wp\/v2\/comments?post=151"}],"version-history":[{"count":3,"href":"https:\/\/www.xefi.be\/fr\/wp-json\/wp\/v2\/pages\/151\/revisions"}],"predecessor-version":[{"id":15282,"href":"https:\/\/www.xefi.be\/fr\/wp-json\/wp\/v2\/pages\/151\/revisions\/15282"}],"up":[{"embeddable":true,"href":"https:\/\/www.xefi.be\/fr\/wp-json\/wp\/v2\/pages\/145"}],"wp:featuredmedia":[{"embeddable":true,"href":"https:\/\/www.xefi.be\/fr\/wp-json\/wp\/v2\/media\/10326"}],"wp:attachment":[{"href":"https:\/\/www.xefi.be\/fr\/wp-json\/wp\/v2\/media?parent=151"}],"curies":[{"name":"wp","href":"https:\/\/api.w.org\/{rel}","templated":true}]}}